{"id":13854,"date":"2026-02-02T12:09:21","date_gmt":"2026-02-02T12:09:21","guid":{"rendered":"https:\/\/kx-treeshears.com\/energiakourat\/kxs157-multifunktionsgrip\/"},"modified":"2026-02-02T12:09:21","modified_gmt":"2026-02-02T12:09:21","slug":"kxs157-multifunktionsgrip","status":"publish","type":"product","link":"https:\/\/kx-treeshears.com\/sv\/tree-shears\/kxs157-multifunktionsgrip\/","title":{"rendered":"KXS157 Multifunktionsgrip"},"excerpt":{"rendered":"<p>KXS157 \u00e4r en ny typ av kraftfull, m\u00e5ngsidig och p\u00e5litlig universalgrip. Resultatet av l\u00e5ng erfarenhet och kontinuerlig utveckling \u00e4r en l\u00e4ttanv\u00e4nd, effektiv och l\u00e4tt grip som kan anv\u00e4ndas f\u00f6r m\u00e5nga olika till\u00e4mpningar. Den m\u00e5ngsidiga gripen KXS157 \u00e4r l\u00e4mplig f\u00f6r gr\u00e4vmaskiner, kranar och materialhanteringsmaskiner.  <\/p>\n","protected":false},"featured_media":0,"template":"","meta":{"_acf_changed":false,"_et_pb_use_builder":"","_et_pb_old_content":"","_et_gb_content_width":""},"application":[92,91,93],"class_list":["post-13854","product","type-product","status-publish","hentry","application-gripare-for-gravmaskiner","application-timmergripar","application-timmergripar-for-traktorer-och-lastare"],"acf":[],"_links":{"self":[{"href":"https:\/\/kx-treeshears.com\/sv\/wp-json\/wp\/v2\/product\/13854","targetHints":{"allow":["GET"]}}],"collection":[{"href":"https:\/\/kx-treeshears.com\/sv\/wp-json\/wp\/v2\/product"}],"about":[{"href":"https:\/\/kx-treeshears.com\/sv\/wp-json\/wp\/v2\/types\/product"}],"wp:attachment":[{"href":"https:\/\/kx-treeshears.com\/sv\/wp-json\/wp\/v2\/media?parent=13854"}],"wp:term":[{"taxonomy":"application","embeddable":true,"href":"https:\/\/kx-treeshears.com\/sv\/wp-json\/wp\/v2\/application?post=13854"}],"curies":[{"name":"wp","href":"https:\/\/api.w.org\/{rel}","templated":true}]}}