{"id":11473,"date":"2025-02-27T12:36:44","date_gmt":"2025-02-27T12:36:44","guid":{"rendered":"http:\/\/kx-treeshears.com\/energiakourat\/kxz210-wnam210\/"},"modified":"2025-07-08T09:24:08","modified_gmt":"2025-07-08T09:24:08","slug":"kxz210-wnam210","status":"publish","type":"product","link":"https:\/\/kx-treeshears.com\/sv\/tree-shears\/kxz210-wnam210\/","title":{"rendered":"KXZ210 + WNAM210 Tr\u00e4dsk\u00e4rare"},"excerpt":{"rendered":"<p>Den roterande tr\u00e4dsaxen KXZ210+WNAM210 \u00e4r en m\u00e5ngsidig l\u00f6sning f\u00f6r kapning, stapling och lastning av tr\u00e4d vid skogsr\u00f6jning, gallring och olika installationsarbeten. Den modul\u00e4ra designen, kraften och det snabbt avtagbara bladet garanterar anv\u00e4ndarv\u00e4nlighet och l\u00e5ng livsl\u00e4ngd. Denna gripmodell \u00e4r s\u00e4rskilt utformad f\u00f6r Norcar, Avant och Multione S7695 kompaktlastare, vilket m\u00f6jligg\u00f6r m\u00e5ngsidigt och effektivt skogsarbete.    <\/p>\n","protected":false},"featured_media":7483,"template":"","meta":{"_acf_changed":false,"_et_pb_use_builder":"","_et_pb_old_content":"","_et_gb_content_width":""},"application":[86],"class_list":["post-11473","product","type-product","status-publish","has-post-thumbnail","hentry","application-tradklippare-for-kompaktlastare"],"acf":[],"_links":{"self":[{"href":"https:\/\/kx-treeshears.com\/sv\/wp-json\/wp\/v2\/product\/11473","targetHints":{"allow":["GET"]}}],"collection":[{"href":"https:\/\/kx-treeshears.com\/sv\/wp-json\/wp\/v2\/product"}],"about":[{"href":"https:\/\/kx-treeshears.com\/sv\/wp-json\/wp\/v2\/types\/product"}],"wp:featuredmedia":[{"embeddable":true,"href":"https:\/\/kx-treeshears.com\/sv\/wp-json\/wp\/v2\/media\/7483"}],"wp:attachment":[{"href":"https:\/\/kx-treeshears.com\/sv\/wp-json\/wp\/v2\/media?parent=11473"}],"wp:term":[{"taxonomy":"application","embeddable":true,"href":"https:\/\/kx-treeshears.com\/sv\/wp-json\/wp\/v2\/application?post=11473"}],"curies":[{"name":"wp","href":"https:\/\/api.w.org\/{rel}","templated":true}]}}