{"id":11447,"date":"2025-02-27T12:16:10","date_gmt":"2025-02-27T12:16:10","guid":{"rendered":"http:\/\/kx-treeshears.com\/energiakourat\/kxs88\/"},"modified":"2026-02-02T11:11:22","modified_gmt":"2026-02-02T11:11:22","slug":"kxs88","status":"publish","type":"product","link":"https:\/\/kx-treeshears.com\/sv\/tree-shears\/kxs88\/","title":{"rendered":"KXS88 Multifunktionsgrip"},"excerpt":{"rendered":"<p>KXS88 \u00e4r en ny typ av kraftfull, m\u00e5ngsidig och p\u00e5litlig universalgrip. Resultatet av l\u00e5ng erfarenhet och kontinuerlig utveckling \u00e4r en l\u00e4ttanv\u00e4nd, effektiv och l\u00e4tt grip som kan anv\u00e4ndas f\u00f6r olika \u00e4ndam\u00e5l. Den m\u00e5ngsidiga universalgripen KXS88 \u00e4r l\u00e4mplig f\u00f6r gr\u00e4vmaskiner, hjullastare, lastkranar och timmerlastare.  <\/p>\n","protected":false},"featured_media":7551,"template":"","meta":{"_acf_changed":false,"_et_pb_use_builder":"","_et_pb_old_content":"","_et_gb_content_width":""},"application":[92,91,93],"class_list":["post-11447","product","type-product","status-publish","has-post-thumbnail","hentry","application-gripare-for-gravmaskiner","application-timmergripar","application-timmergripar-for-traktorer-och-lastare"],"acf":[],"_links":{"self":[{"href":"https:\/\/kx-treeshears.com\/sv\/wp-json\/wp\/v2\/product\/11447","targetHints":{"allow":["GET"]}}],"collection":[{"href":"https:\/\/kx-treeshears.com\/sv\/wp-json\/wp\/v2\/product"}],"about":[{"href":"https:\/\/kx-treeshears.com\/sv\/wp-json\/wp\/v2\/types\/product"}],"wp:featuredmedia":[{"embeddable":true,"href":"https:\/\/kx-treeshears.com\/sv\/wp-json\/wp\/v2\/media\/7551"}],"wp:attachment":[{"href":"https:\/\/kx-treeshears.com\/sv\/wp-json\/wp\/v2\/media?parent=11447"}],"wp:term":[{"taxonomy":"application","embeddable":true,"href":"https:\/\/kx-treeshears.com\/sv\/wp-json\/wp\/v2\/application?post=11447"}],"curies":[{"name":"wp","href":"https:\/\/api.w.org\/{rel}","templated":true}]}}