{"id":11426,"date":"2025-02-27T10:36:00","date_gmt":"2025-02-27T10:36:00","guid":{"rendered":"http:\/\/kx-treeshears.com\/energiakourat\/kxz350-e350\/"},"modified":"2025-07-08T08:42:36","modified_gmt":"2025-07-08T08:42:36","slug":"kxz350-e350","status":"publish","type":"product","link":"https:\/\/kx-treeshears.com\/sv\/tree-shears\/kxz350-e350\/","title":{"rendered":"KXZ350 + E350 Tr\u00e4dklippare med rotator"},"excerpt":{"rendered":"<p>Den roterande tr\u00e4dsaxen KXZ350+E350 \u00e4r en m\u00e5ngsidig l\u00f6sning f\u00f6r kapning, stapling och lastning av tr\u00e4d vid skogsr\u00f6jning, gallring och olika installationsarbeten. Den modul\u00e4ra designen, kraften och det snabbt avtagbara bladet s\u00e4kerst\u00e4ller anv\u00e4ndarv\u00e4nlighet och l\u00e5ng livsl\u00e4ngd. Den h\u00e4r gripmodellen \u00e4r s\u00e4rskilt utformad f\u00f6r gr\u00e4vmaskiner, vilket m\u00f6jligg\u00f6r m\u00e5ngsidigt och effektivt skogsarbete.    <\/p>\n","protected":false},"featured_media":6329,"template":"","meta":{"_acf_changed":false,"_et_pb_use_builder":"","_et_pb_old_content":"","_et_gb_content_width":""},"application":[70],"class_list":["post-11426","product","type-product","status-publish","has-post-thumbnail","hentry","application-tradklippare-for-gravmaskiner"],"acf":[],"_links":{"self":[{"href":"https:\/\/kx-treeshears.com\/sv\/wp-json\/wp\/v2\/product\/11426","targetHints":{"allow":["GET"]}}],"collection":[{"href":"https:\/\/kx-treeshears.com\/sv\/wp-json\/wp\/v2\/product"}],"about":[{"href":"https:\/\/kx-treeshears.com\/sv\/wp-json\/wp\/v2\/types\/product"}],"wp:featuredmedia":[{"embeddable":true,"href":"https:\/\/kx-treeshears.com\/sv\/wp-json\/wp\/v2\/media\/6329"}],"wp:attachment":[{"href":"https:\/\/kx-treeshears.com\/sv\/wp-json\/wp\/v2\/media?parent=11426"}],"wp:term":[{"taxonomy":"application","embeddable":true,"href":"https:\/\/kx-treeshears.com\/sv\/wp-json\/wp\/v2\/application?post=11426"}],"curies":[{"name":"wp","href":"https:\/\/api.w.org\/{rel}","templated":true}]}}