{"id":11415,"date":"2025-02-27T10:12:37","date_gmt":"2025-02-27T10:12:37","guid":{"rendered":"http:\/\/kx-treeshears.com\/energiakourat\/kxz210-e210\/"},"modified":"2025-07-08T08:53:47","modified_gmt":"2025-07-08T08:53:47","slug":"kxz210-e210","status":"publish","type":"product","link":"https:\/\/kx-treeshears.com\/sv\/tree-shears\/kxz210-e210\/","title":{"rendered":"KXZ210 + E210 Tr\u00e4dklippare med rotator"},"excerpt":{"rendered":"<p>Den roterande tr\u00e4dsaxen KXZ210+E210 \u00e4r en m\u00e5ngsidig l\u00f6sning f\u00f6r kapning, stapling och lastning av tr\u00e4d vid skogsr\u00f6jning, gallring och olika installationsarbeten. Den modul\u00e4ra konstruktionen, kraften och det snabbt avtagbara bladet garanterar anv\u00e4ndarv\u00e4nlighet och l\u00e5ng livsl\u00e4ngd. Den h\u00e4r gripmodellen \u00e4r s\u00e4rskilt utformad f\u00f6r minigr\u00e4vare, vilket m\u00f6jligg\u00f6r m\u00e5ngsidigt och effektivt skogsarbete.    <\/p>\n","protected":false},"featured_media":6275,"template":"","meta":{"_acf_changed":false,"_et_pb_use_builder":"","_et_pb_old_content":"","_et_gb_content_width":""},"application":[70],"class_list":["post-11415","product","type-product","status-publish","has-post-thumbnail","hentry","application-tradklippare-for-gravmaskiner"],"acf":[],"_links":{"self":[{"href":"https:\/\/kx-treeshears.com\/sv\/wp-json\/wp\/v2\/product\/11415","targetHints":{"allow":["GET"]}}],"collection":[{"href":"https:\/\/kx-treeshears.com\/sv\/wp-json\/wp\/v2\/product"}],"about":[{"href":"https:\/\/kx-treeshears.com\/sv\/wp-json\/wp\/v2\/types\/product"}],"wp:featuredmedia":[{"embeddable":true,"href":"https:\/\/kx-treeshears.com\/sv\/wp-json\/wp\/v2\/media\/6275"}],"wp:attachment":[{"href":"https:\/\/kx-treeshears.com\/sv\/wp-json\/wp\/v2\/media?parent=11415"}],"wp:term":[{"taxonomy":"application","embeddable":true,"href":"https:\/\/kx-treeshears.com\/sv\/wp-json\/wp\/v2\/application?post=11415"}],"curies":[{"name":"wp","href":"https:\/\/api.w.org\/{rel}","templated":true}]}}