{"id":11390,"date":"2025-02-27T09:14:45","date_gmt":"2025-02-27T09:14:45","guid":{"rendered":"http:\/\/kx-treeshears.com\/energiakourat\/kx210\/"},"modified":"2025-10-24T08:30:16","modified_gmt":"2025-10-24T08:30:16","slug":"kx210","status":"publish","type":"product","link":"https:\/\/kx-treeshears.com\/sv\/tree-shears\/kx210\/","title":{"rendered":"KX210 Tr\u00e4dklippare"},"excerpt":{"rendered":"<p>Tr\u00e4dklipparen KX210 \u00e4r en m\u00e5ngsidig l\u00f6sning f\u00f6r kapning, stapling och lastning av tr\u00e4d vid skogsr\u00f6jning, gallring och olika installationsarbeten.  <\/p>\n<p>Den modul\u00e4ra designen, kraften och det snabbt avtagbara bladet garanterar anv\u00e4ndarv\u00e4nlighet och l\u00e5ng livsl\u00e4ngd. Den h\u00e4r gripmodellen \u00e4r s\u00e4rskilt utformad f\u00f6r minigr\u00e4vare, vilket m\u00f6jligg\u00f6r m\u00e5ngsidigt och effektivt skogsarbete.   <\/p>\n","protected":false},"featured_media":10970,"template":"","meta":{"_acf_changed":false,"_et_pb_use_builder":"","_et_pb_old_content":"","_et_gb_content_width":""},"application":[70],"class_list":["post-11390","product","type-product","status-publish","has-post-thumbnail","hentry","application-tradklippare-for-gravmaskiner"],"acf":[],"_links":{"self":[{"href":"https:\/\/kx-treeshears.com\/sv\/wp-json\/wp\/v2\/product\/11390","targetHints":{"allow":["GET"]}}],"collection":[{"href":"https:\/\/kx-treeshears.com\/sv\/wp-json\/wp\/v2\/product"}],"about":[{"href":"https:\/\/kx-treeshears.com\/sv\/wp-json\/wp\/v2\/types\/product"}],"wp:featuredmedia":[{"embeddable":true,"href":"https:\/\/kx-treeshears.com\/sv\/wp-json\/wp\/v2\/media\/10970"}],"wp:attachment":[{"href":"https:\/\/kx-treeshears.com\/sv\/wp-json\/wp\/v2\/media?parent=11390"}],"wp:term":[{"taxonomy":"application","embeddable":true,"href":"https:\/\/kx-treeshears.com\/sv\/wp-json\/wp\/v2\/application?post=11390"}],"curies":[{"name":"wp","href":"https:\/\/api.w.org\/{rel}","templated":true}]}}