{"id":13851,"date":"2026-02-02T12:05:29","date_gmt":"2026-02-02T12:05:29","guid":{"rendered":"https:\/\/kx-treeshears.com\/energiakourat\/grappin-polyvalent-kxs157\/"},"modified":"2026-02-02T12:05:29","modified_gmt":"2026-02-02T12:05:29","slug":"grappin-polyvalent-kxs157","status":"publish","type":"product","link":"https:\/\/kx-treeshears.com\/fr\/tree-shears\/grappin-polyvalent-kxs157\/","title":{"rendered":"Grappin polyvalent KXS157"},"excerpt":{"rendered":"<p>La KXS157 est une nouvelle g\u00e9n\u00e9ration de grappin polyvalent, puissant et fiable. Fruit d&rsquo;une longue exp\u00e9rience et d&rsquo;un d\u00e9veloppement continu, ce grappin est facile \u00e0 utiliser, efficace et l\u00e9ger, et convient \u00e0 de nombreuses applications. Le grappin polyvalent KXS157 est adapt\u00e9 aux pelles hydrauliques, aux grues et aux engins de manutention.  <\/p>\n","protected":false},"featured_media":0,"template":"","meta":{"_acf_changed":false,"_et_pb_use_builder":"","_et_pb_old_content":"","_et_gb_content_width":""},"application":[100,102,101],"class_list":["post-13851","product","type-product","status-publish","hentry","application-grappins-a-grumes","application-grappins-a-grumes-pour-tracteurs-et-chargeurs","application-grappins-pour-excavateurs"],"acf":[],"_links":{"self":[{"href":"https:\/\/kx-treeshears.com\/fr\/wp-json\/wp\/v2\/product\/13851","targetHints":{"allow":["GET"]}}],"collection":[{"href":"https:\/\/kx-treeshears.com\/fr\/wp-json\/wp\/v2\/product"}],"about":[{"href":"https:\/\/kx-treeshears.com\/fr\/wp-json\/wp\/v2\/types\/product"}],"wp:attachment":[{"href":"https:\/\/kx-treeshears.com\/fr\/wp-json\/wp\/v2\/media?parent=13851"}],"wp:term":[{"taxonomy":"application","embeddable":true,"href":"https:\/\/kx-treeshears.com\/fr\/wp-json\/wp\/v2\/application?post=13851"}],"curies":[{"name":"wp","href":"https:\/\/api.w.org\/{rel}","templated":true}]}}