{"id":12935,"date":"2025-07-08T09:24:15","date_gmt":"2025-07-08T09:24:15","guid":{"rendered":"https:\/\/staging.kx-treeshears.com\/energiakourat\/kxz350-w350-cisaille-a-arbre\/"},"modified":"2025-07-08T12:07:01","modified_gmt":"2025-07-08T12:07:01","slug":"kxz350-w350-cisaille-a-arbre","status":"publish","type":"product","link":"https:\/\/kx-treeshears.com\/fr\/tree-shears\/kxz350-w350-cisaille-a-arbre\/","title":{"rendered":"KXZ350 + W350 Cisaille \u00e0 arbre"},"excerpt":{"rendered":"<p>La cisaille rotative KXZ350+W350 est une solution polyvalente pour couper, empiler et charger les arbres dans le cadre de travaux de d\u00e9boisement, d&rsquo;\u00e9claircissement et d&rsquo;installations diverses. Sa conception modulaire, sa puissance et sa lame rapidement d\u00e9tachable garantissent sa facilit\u00e9 d&rsquo;utilisation et sa long\u00e9vit\u00e9. Ce mod\u00e8le de grappin est sp\u00e9cialement con\u00e7u pour les grandes chargeuses sur pneus, les chargeuses compactes et les chargeurs t\u00e9lescopiques, ce qui permet d&rsquo;effectuer des travaux forestiers polyvalents et efficaces.    <\/p>\n","protected":false},"featured_media":12555,"template":"","meta":{"_acf_changed":false,"_et_pb_use_builder":"","_et_pb_old_content":"","_et_gb_content_width":""},"application":[103],"class_list":["post-12935","product","type-product","status-publish","has-post-thumbnail","hentry","application-chargeuse-sur-pneus-chargeuse-compacte-chariot-telescopique"],"acf":[],"_links":{"self":[{"href":"https:\/\/kx-treeshears.com\/fr\/wp-json\/wp\/v2\/product\/12935","targetHints":{"allow":["GET"]}}],"collection":[{"href":"https:\/\/kx-treeshears.com\/fr\/wp-json\/wp\/v2\/product"}],"about":[{"href":"https:\/\/kx-treeshears.com\/fr\/wp-json\/wp\/v2\/types\/product"}],"wp:featuredmedia":[{"embeddable":true,"href":"https:\/\/kx-treeshears.com\/fr\/wp-json\/wp\/v2\/media\/12555"}],"wp:attachment":[{"href":"https:\/\/kx-treeshears.com\/fr\/wp-json\/wp\/v2\/media?parent=12935"}],"wp:term":[{"taxonomy":"application","embeddable":true,"href":"https:\/\/kx-treeshears.com\/fr\/wp-json\/wp\/v2\/application?post=12935"}],"curies":[{"name":"wp","href":"https:\/\/api.w.org\/{rel}","templated":true}]}}