{"id":12934,"date":"2025-07-08T09:24:09","date_gmt":"2025-07-08T09:24:09","guid":{"rendered":"https:\/\/staging.kx-treeshears.com\/energiakourat\/kxz210-w210-cisaille-darbre\/"},"modified":"2025-07-08T12:07:24","modified_gmt":"2025-07-08T12:07:24","slug":"kxz210-w210-cisaille-darbre","status":"publish","type":"product","link":"https:\/\/kx-treeshears.com\/fr\/tree-shears\/kxz210-w210-cisaille-darbre\/","title":{"rendered":"KXZ210 + W210 Cisaille d&rsquo;arbre"},"excerpt":{"rendered":"<p>La cisaille rotative KXZ210+W210 est une solution polyvalente pour couper, empiler et charger les arbres dans le cadre de travaux de d\u00e9boisement, d&rsquo;\u00e9claircissement et d&rsquo;installations diverses. Sa conception modulaire, sa puissance et sa lame rapidement d\u00e9tachable garantissent sa facilit\u00e9 d&rsquo;utilisation et sa long\u00e9vit\u00e9. Ce mod\u00e8le de grappin est sp\u00e9cialement con\u00e7u pour les petites chargeuses sur pneus, les chargeuses compactes et les chargeurs t\u00e9lescopiques, ce qui permet de r\u00e9aliser des travaux forestiers polyvalents et efficaces.    <\/p>\n","protected":false},"featured_media":12555,"template":"","meta":{"_acf_changed":false,"_et_pb_use_builder":"","_et_pb_old_content":"","_et_gb_content_width":""},"application":[103],"class_list":["post-12934","product","type-product","status-publish","has-post-thumbnail","hentry","application-chargeuse-sur-pneus-chargeuse-compacte-chariot-telescopique"],"acf":[],"_links":{"self":[{"href":"https:\/\/kx-treeshears.com\/fr\/wp-json\/wp\/v2\/product\/12934","targetHints":{"allow":["GET"]}}],"collection":[{"href":"https:\/\/kx-treeshears.com\/fr\/wp-json\/wp\/v2\/product"}],"about":[{"href":"https:\/\/kx-treeshears.com\/fr\/wp-json\/wp\/v2\/types\/product"}],"wp:featuredmedia":[{"embeddable":true,"href":"https:\/\/kx-treeshears.com\/fr\/wp-json\/wp\/v2\/media\/12555"}],"wp:attachment":[{"href":"https:\/\/kx-treeshears.com\/fr\/wp-json\/wp\/v2\/media?parent=12934"}],"wp:term":[{"taxonomy":"application","embeddable":true,"href":"https:\/\/kx-treeshears.com\/fr\/wp-json\/wp\/v2\/application?post=12934"}],"curies":[{"name":"wp","href":"https:\/\/api.w.org\/{rel}","templated":true}]}}