{"id":12927,"date":"2025-07-08T08:42:38","date_gmt":"2025-07-08T08:42:38","guid":{"rendered":"https:\/\/staging.kx-treeshears.com\/energiakourat\/kxz280-e280-cisaille-a-arbre-avec-rotateur\/"},"modified":"2025-07-08T12:10:11","modified_gmt":"2025-07-08T12:10:11","slug":"kxz280-e280-cisaille-a-arbre-avec-rotateur","status":"publish","type":"product","link":"https:\/\/kx-treeshears.com\/fr\/tree-shears\/kxz280-e280-cisaille-a-arbre-avec-rotateur\/","title":{"rendered":"KXZ280 + E280 Cisaille \u00e0 arbre avec rotateur"},"excerpt":{"rendered":"<p>La cisaille rotative KXZ280+E280 est une solution polyvalente pour couper, empiler et charger les arbres dans le cadre de travaux de d\u00e9boisement, d&rsquo;\u00e9claircissement et d&rsquo;installations diverses. Sa conception modulaire, sa puissance et sa lame rapidement d\u00e9tachable garantissent sa facilit\u00e9 d&rsquo;utilisation et sa long\u00e9vit\u00e9. Ce mod\u00e8le de grappin est sp\u00e9cialement con\u00e7u pour les pelles, ce qui permet de r\u00e9aliser des travaux forestiers polyvalents et efficaces.    <\/p>\n","protected":false},"featured_media":12476,"template":"","meta":{"_acf_changed":false,"_et_pb_use_builder":"","_et_pb_old_content":"","_et_gb_content_width":""},"application":[72],"class_list":["post-12927","product","type-product","status-publish","has-post-thumbnail","hentry","application-cisailles-a-arbres-pour-excavatrices"],"acf":[],"_links":{"self":[{"href":"https:\/\/kx-treeshears.com\/fr\/wp-json\/wp\/v2\/product\/12927","targetHints":{"allow":["GET"]}}],"collection":[{"href":"https:\/\/kx-treeshears.com\/fr\/wp-json\/wp\/v2\/product"}],"about":[{"href":"https:\/\/kx-treeshears.com\/fr\/wp-json\/wp\/v2\/types\/product"}],"wp:featuredmedia":[{"embeddable":true,"href":"https:\/\/kx-treeshears.com\/fr\/wp-json\/wp\/v2\/media\/12476"}],"wp:attachment":[{"href":"https:\/\/kx-treeshears.com\/fr\/wp-json\/wp\/v2\/media?parent=12927"}],"wp:term":[{"taxonomy":"application","embeddable":true,"href":"https:\/\/kx-treeshears.com\/fr\/wp-json\/wp\/v2\/application?post=12927"}],"curies":[{"name":"wp","href":"https:\/\/api.w.org\/{rel}","templated":true}]}}