{"id":12926,"date":"2025-07-08T08:42:36","date_gmt":"2025-07-08T08:42:36","guid":{"rendered":"https:\/\/staging.kx-treeshears.com\/energiakourat\/cisaille-kx350\/"},"modified":"2025-10-24T09:04:56","modified_gmt":"2025-10-24T09:04:56","slug":"cisaille-kx350","status":"publish","type":"product","link":"https:\/\/kx-treeshears.com\/fr\/tree-shears\/cisaille-kx350\/","title":{"rendered":"Cisaille KX350"},"excerpt":{"rendered":"<p>La cisaille \u00e0 arbre KX350 est une solution polyvalente pour couper, empiler et charger les arbres dans le cadre de travaux de d\u00e9boisement, d&rsquo;\u00e9claircissement et de diverses t\u00e2ches d&rsquo;installation. Sa conception modulaire, sa puissance et sa lame rapidement d\u00e9tachable garantissent sa facilit\u00e9 d&rsquo;utilisation et sa long\u00e9vit\u00e9. Ce mod\u00e8le de grappin est con\u00e7u sp\u00e9cifiquement pour les pelles, permettant des travaux forestiers polyvalents et efficaces.  <\/p>\n","protected":false},"featured_media":12398,"template":"","meta":{"_acf_changed":false,"_et_pb_use_builder":"","_et_pb_old_content":"","_et_gb_content_width":""},"application":[72],"class_list":["post-12926","product","type-product","status-publish","has-post-thumbnail","hentry","application-cisailles-a-arbres-pour-excavatrices"],"acf":[],"_links":{"self":[{"href":"https:\/\/kx-treeshears.com\/fr\/wp-json\/wp\/v2\/product\/12926","targetHints":{"allow":["GET"]}}],"collection":[{"href":"https:\/\/kx-treeshears.com\/fr\/wp-json\/wp\/v2\/product"}],"about":[{"href":"https:\/\/kx-treeshears.com\/fr\/wp-json\/wp\/v2\/types\/product"}],"wp:featuredmedia":[{"embeddable":true,"href":"https:\/\/kx-treeshears.com\/fr\/wp-json\/wp\/v2\/media\/12398"}],"wp:attachment":[{"href":"https:\/\/kx-treeshears.com\/fr\/wp-json\/wp\/v2\/media?parent=12926"}],"wp:term":[{"taxonomy":"application","embeddable":true,"href":"https:\/\/kx-treeshears.com\/fr\/wp-json\/wp\/v2\/application?post=12926"}],"curies":[{"name":"wp","href":"https:\/\/api.w.org\/{rel}","templated":true}]}}