{"id":12923,"date":"2025-07-08T08:41:22","date_gmt":"2025-07-08T08:41:22","guid":{"rendered":"https:\/\/staging.kx-treeshears.com\/energiakourat\/grappin-polyvalent-kxs38\/"},"modified":"2026-02-02T11:28:55","modified_gmt":"2026-02-02T11:28:55","slug":"grappin-polyvalent-kxs38","status":"publish","type":"product","link":"https:\/\/kx-treeshears.com\/fr\/tree-shears\/grappin-polyvalent-kxs38\/","title":{"rendered":"Grappin polyvalent KXS38"},"excerpt":{"rendered":"<p>Le KXS38 est un nouveau type de grappin universel puissant, polyvalent et fiable. Le r\u00e9sultat d\u2019une longue exp\u00e9rience et d\u2019un d\u00e9veloppement continu est un grappin facile \u00e0 utiliser, efficace et l\u00e9ger qui peut \u00eatre utilis\u00e9 \u00e0 diverses fins. Le grappin universel KXS38 est polyvalent et convient aux excavateurs, aux chargeurs sur roues, aux grues de chargement et aux chargeurs forestiers.  <\/p>\n","protected":false},"featured_media":12569,"template":"","meta":{"_acf_changed":false,"_et_pb_use_builder":"","_et_pb_old_content":"","_et_gb_content_width":""},"application":[100,102,101],"class_list":["post-12923","product","type-product","status-publish","has-post-thumbnail","hentry","application-grappins-a-grumes","application-grappins-a-grumes-pour-tracteurs-et-chargeurs","application-grappins-pour-excavateurs"],"acf":[],"_links":{"self":[{"href":"https:\/\/kx-treeshears.com\/fr\/wp-json\/wp\/v2\/product\/12923","targetHints":{"allow":["GET"]}}],"collection":[{"href":"https:\/\/kx-treeshears.com\/fr\/wp-json\/wp\/v2\/product"}],"about":[{"href":"https:\/\/kx-treeshears.com\/fr\/wp-json\/wp\/v2\/types\/product"}],"wp:featuredmedia":[{"embeddable":true,"href":"https:\/\/kx-treeshears.com\/fr\/wp-json\/wp\/v2\/media\/12569"}],"wp:attachment":[{"href":"https:\/\/kx-treeshears.com\/fr\/wp-json\/wp\/v2\/media?parent=12923"}],"wp:term":[{"taxonomy":"application","embeddable":true,"href":"https:\/\/kx-treeshears.com\/fr\/wp-json\/wp\/v2\/application?post=12923"}],"curies":[{"name":"wp","href":"https:\/\/api.w.org\/{rel}","templated":true}]}}