{"id":12921,"date":"2025-07-08T08:37:05","date_gmt":"2025-07-08T08:37:05","guid":{"rendered":"https:\/\/staging.kx-treeshears.com\/energiakourat\/kxk280-cisaille-a-arbre\/"},"modified":"2025-07-08T12:10:44","modified_gmt":"2025-07-08T12:10:44","slug":"kxk280-cisaille-a-arbre","status":"publish","type":"product","link":"https:\/\/kx-treeshears.com\/fr\/tree-shears\/kxk280-cisaille-a-arbre\/","title":{"rendered":"KXK280 Cisaille \u00e0 arbre"},"excerpt":{"rendered":"<p>La cisaille \u00e0 arbre inclinable KXK280 est une solution polyvalente pour la coupe, l&#8217;empilage et le chargement d&rsquo;arbres dans le cadre de travaux de d\u00e9boisement, d&rsquo;\u00e9claircissement et d&rsquo;installations diverses. Sa conception modulaire, sa puissance et sa lame rapidement d\u00e9tachable garantissent sa facilit\u00e9 d&rsquo;utilisation et sa long\u00e9vit\u00e9. Ce mod\u00e8le de grappin est sp\u00e9cialement con\u00e7u pour les tracteurs, les machines foresti\u00e8res et les grues de manutention, ce qui permet de r\u00e9aliser des travaux forestiers polyvalents et efficaces.    <\/p>\n","protected":false},"featured_media":12534,"template":"","meta":{"_acf_changed":false,"_et_pb_use_builder":"","_et_pb_old_content":"","_et_gb_content_width":""},"application":[83],"class_list":["post-12921","product","type-product","status-publish","has-post-thumbnail","hentry","application-cisailles-pour-tracteurs-machines-forestieres-et-grues"],"acf":[],"_links":{"self":[{"href":"https:\/\/kx-treeshears.com\/fr\/wp-json\/wp\/v2\/product\/12921","targetHints":{"allow":["GET"]}}],"collection":[{"href":"https:\/\/kx-treeshears.com\/fr\/wp-json\/wp\/v2\/product"}],"about":[{"href":"https:\/\/kx-treeshears.com\/fr\/wp-json\/wp\/v2\/types\/product"}],"wp:featuredmedia":[{"embeddable":true,"href":"https:\/\/kx-treeshears.com\/fr\/wp-json\/wp\/v2\/media\/12534"}],"wp:attachment":[{"href":"https:\/\/kx-treeshears.com\/fr\/wp-json\/wp\/v2\/media?parent=12921"}],"wp:term":[{"taxonomy":"application","embeddable":true,"href":"https:\/\/kx-treeshears.com\/fr\/wp-json\/wp\/v2\/application?post=12921"}],"curies":[{"name":"wp","href":"https:\/\/api.w.org\/{rel}","templated":true}]}}