{"id":12902,"date":"2025-07-08T08:25:35","date_gmt":"2025-07-08T08:25:35","guid":{"rendered":"https:\/\/staging.kx-treeshears.com\/energiakourat\/kx210-cisaille-a-arbre\/"},"modified":"2025-10-24T08:28:22","modified_gmt":"2025-10-24T08:28:22","slug":"kx210-cisaille-a-arbre","status":"publish","type":"product","link":"https:\/\/kx-treeshears.com\/fr\/tree-shears\/kx210-cisaille-a-arbre\/","title":{"rendered":"KX210 Cisaille \u00e0 arbre"},"excerpt":{"rendered":"<p>La cisaille \u00e0 arbre KX210 est une solution polyvalente pour couper, empiler et charger les arbres dans le cadre du d\u00e9boisement, de l&rsquo;\u00e9claircissement et de diverses t\u00e2ches d&rsquo;installation.  <\/p>\n<p>Sa conception modulaire, sa puissance et sa lame rapidement d\u00e9tachable garantissent sa facilit\u00e9 d&rsquo;utilisation et sa long\u00e9vit\u00e9. Ce mod\u00e8le de grappin est con\u00e7u sp\u00e9cifiquement pour les mini-pelles, permettant des travaux forestiers polyvalents et efficaces.   <\/p>\n","protected":false},"featured_media":12430,"template":"","meta":{"_acf_changed":false,"_et_pb_use_builder":"","_et_pb_old_content":"","_et_gb_content_width":""},"application":[72],"class_list":["post-12902","product","type-product","status-publish","has-post-thumbnail","hentry","application-cisailles-a-arbres-pour-excavatrices"],"acf":[],"_links":{"self":[{"href":"https:\/\/kx-treeshears.com\/fr\/wp-json\/wp\/v2\/product\/12902","targetHints":{"allow":["GET"]}}],"collection":[{"href":"https:\/\/kx-treeshears.com\/fr\/wp-json\/wp\/v2\/product"}],"about":[{"href":"https:\/\/kx-treeshears.com\/fr\/wp-json\/wp\/v2\/types\/product"}],"wp:featuredmedia":[{"embeddable":true,"href":"https:\/\/kx-treeshears.com\/fr\/wp-json\/wp\/v2\/media\/12430"}],"wp:attachment":[{"href":"https:\/\/kx-treeshears.com\/fr\/wp-json\/wp\/v2\/media?parent=12902"}],"wp:term":[{"taxonomy":"application","embeddable":true,"href":"https:\/\/kx-treeshears.com\/fr\/wp-json\/wp\/v2\/application?post=12902"}],"curies":[{"name":"wp","href":"https:\/\/api.w.org\/{rel}","templated":true}]}}