{"id":12214,"date":"2025-04-24T10:22:28","date_gmt":"2025-04-24T10:22:28","guid":{"rendered":"http:\/\/kx-treeshears.com\/energiakourat\/cisaille-kx280\/"},"modified":"2025-10-24T09:01:11","modified_gmt":"2025-10-24T09:01:11","slug":"cisaille-kx280","status":"publish","type":"product","link":"https:\/\/kx-treeshears.com\/fr\/tree-shears\/cisaille-kx280\/","title":{"rendered":"Cisaille KX280"},"excerpt":{"rendered":"<p>La cisaille \u00e0 arbre KX280 est une solution polyvalente pour couper, empiler et charger les arbres dans le cadre de travaux de d\u00e9boisement, d&rsquo;\u00e9claircissement et de diverses t\u00e2ches d&rsquo;installation. Sa conception modulaire, sa puissance et sa lame rapidement d\u00e9tachable garantissent sa facilit\u00e9 d&rsquo;utilisation et sa long\u00e9vit\u00e9. Ce mod\u00e8le de grappin est con\u00e7u sp\u00e9cifiquement pour les pelles, ce qui permet de r\u00e9aliser des travaux forestiers polyvalents et efficaces.  <\/p>\n","protected":false},"featured_media":12220,"template":"","meta":{"_acf_changed":false,"_et_pb_use_builder":"","_et_pb_old_content":"","_et_gb_content_width":""},"application":[72],"class_list":["post-12214","product","type-product","status-publish","has-post-thumbnail","hentry","application-cisailles-a-arbres-pour-excavatrices"],"acf":[],"_links":{"self":[{"href":"https:\/\/kx-treeshears.com\/fr\/wp-json\/wp\/v2\/product\/12214","targetHints":{"allow":["GET"]}}],"collection":[{"href":"https:\/\/kx-treeshears.com\/fr\/wp-json\/wp\/v2\/product"}],"about":[{"href":"https:\/\/kx-treeshears.com\/fr\/wp-json\/wp\/v2\/types\/product"}],"wp:featuredmedia":[{"embeddable":true,"href":"https:\/\/kx-treeshears.com\/fr\/wp-json\/wp\/v2\/media\/12220"}],"wp:attachment":[{"href":"https:\/\/kx-treeshears.com\/fr\/wp-json\/wp\/v2\/media?parent=12214"}],"wp:term":[{"taxonomy":"application","embeddable":true,"href":"https:\/\/kx-treeshears.com\/fr\/wp-json\/wp\/v2\/application?post=12214"}],"curies":[{"name":"wp","href":"https:\/\/api.w.org\/{rel}","templated":true}]}}