{"id":13853,"date":"2026-02-02T12:07:46","date_gmt":"2026-02-02T12:07:46","guid":{"rendered":"https:\/\/kx-treeshears.com\/energiakourat\/garra-multiusos-kxs157\/"},"modified":"2026-02-02T12:07:46","modified_gmt":"2026-02-02T12:07:46","slug":"garra-multiusos-kxs157","status":"publish","type":"product","link":"https:\/\/kx-treeshears.com\/es\/tree-shears\/garra-multiusos-kxs157\/","title":{"rendered":"Garra multiusos KXS157"},"excerpt":{"rendered":"<p>La KXS157 es un nuevo tipo de pinza multiusos potente, vers\u00e1til y fiable. Fruto de una larga experiencia y un desarrollo continuo, es una pinza f\u00e1cil de usar, eficiente y ligera, ideal para diversas aplicaciones. La vers\u00e1til pinza KXS157 es adecuada para excavadoras, gr\u00faas y m\u00e1quinas de manipulaci\u00f3n de materiales.  <\/p>\n","protected":false},"featured_media":0,"template":"","meta":{"_acf_changed":false,"_et_pb_use_builder":"","_et_pb_old_content":"","_et_gb_content_width":""},"application":[98,97,99],"class_list":["post-13853","product","type-product","status-publish","hentry","application-pinzas-para-excavadoras","application-pinzas-para-troncos","application-pinzas-para-troncos-para-tractores-y-cargadoras"],"acf":[],"_links":{"self":[{"href":"https:\/\/kx-treeshears.com\/es\/wp-json\/wp\/v2\/product\/13853","targetHints":{"allow":["GET"]}}],"collection":[{"href":"https:\/\/kx-treeshears.com\/es\/wp-json\/wp\/v2\/product"}],"about":[{"href":"https:\/\/kx-treeshears.com\/es\/wp-json\/wp\/v2\/types\/product"}],"wp:attachment":[{"href":"https:\/\/kx-treeshears.com\/es\/wp-json\/wp\/v2\/media?parent=13853"}],"wp:term":[{"taxonomy":"application","embeddable":true,"href":"https:\/\/kx-treeshears.com\/es\/wp-json\/wp\/v2\/application?post=13853"}],"curies":[{"name":"wp","href":"https:\/\/api.w.org\/{rel}","templated":true}]}}