{"id":11500,"date":"2025-02-27T17:04:44","date_gmt":"2025-02-27T17:04:44","guid":{"rendered":"http:\/\/kx-treeshears.com\/energiakourat\/kxk280\/"},"modified":"2025-07-08T08:37:03","modified_gmt":"2025-07-08T08:37:03","slug":"kxk280","status":"publish","type":"product","link":"https:\/\/kx-treeshears.com\/es\/tree-shears\/kxk280\/","title":{"rendered":"Cizalla para \u00e1rboles KXK280"},"excerpt":{"rendered":"<p>La cizalla basculante para \u00e1rboles KXK280 es una soluci\u00f3n vers\u00e1til para cortar, apilar y cargar \u00e1rboles en tareas de desbroce forestal, clareo y diversos trabajos de instalaci\u00f3n. Su dise\u00f1o modular, su potencia y su cuchilla r\u00e1pidamente desmontable garantizan facilidad de uso y longevidad. Este modelo de garra est\u00e1 dise\u00f1ado espec\u00edficamente para tractores, m\u00e1quinas forestales y gr\u00faas de manipulaci\u00f3n de materiales, lo que permite un trabajo forestal vers\u00e1til y eficaz.    <\/p>\n","protected":false},"featured_media":6794,"template":"","meta":{"_acf_changed":false,"_et_pb_use_builder":"","_et_pb_old_content":"","_et_gb_content_width":""},"application":[81],"class_list":["post-11500","product","type-product","status-publish","has-post-thumbnail","hentry","application-cizallas-para-arboles-para-tractores-maquinas-forestales-y-gruas"],"acf":[],"_links":{"self":[{"href":"https:\/\/kx-treeshears.com\/es\/wp-json\/wp\/v2\/product\/11500","targetHints":{"allow":["GET"]}}],"collection":[{"href":"https:\/\/kx-treeshears.com\/es\/wp-json\/wp\/v2\/product"}],"about":[{"href":"https:\/\/kx-treeshears.com\/es\/wp-json\/wp\/v2\/types\/product"}],"wp:featuredmedia":[{"embeddable":true,"href":"https:\/\/kx-treeshears.com\/es\/wp-json\/wp\/v2\/media\/6794"}],"wp:attachment":[{"href":"https:\/\/kx-treeshears.com\/es\/wp-json\/wp\/v2\/media?parent=11500"}],"wp:term":[{"taxonomy":"application","embeddable":true,"href":"https:\/\/kx-treeshears.com\/es\/wp-json\/wp\/v2\/application?post=11500"}],"curies":[{"name":"wp","href":"https:\/\/api.w.org\/{rel}","templated":true}]}}