{"id":11494,"date":"2025-02-27T13:32:51","date_gmt":"2025-02-27T13:32:51","guid":{"rendered":"http:\/\/kx-treeshears.com\/energiakourat\/kxk210\/"},"modified":"2025-07-08T09:24:14","modified_gmt":"2025-07-08T09:24:14","slug":"kxk210","status":"publish","type":"product","link":"https:\/\/kx-treeshears.com\/es\/tree-shears\/kxk210\/","title":{"rendered":"Cizalla para \u00e1rboles KXK210 para tractores cargadores de madera"},"excerpt":{"rendered":"<p>La cizalla basculante para \u00e1rboles KXK210 es una soluci\u00f3n vers\u00e1til para cortar, apilar y cargar \u00e1rboles en tareas de desbroce forestal, clareo y diversos trabajos de instalaci\u00f3n. Su dise\u00f1o modular, su potencia y su cuchilla r\u00e1pidamente desmontable garantizan facilidad de uso y longevidad. Este modelo de garra est\u00e1 dise\u00f1ado espec\u00edficamente para tractores cargadores de madera, lo que permite un trabajo forestal vers\u00e1til y eficaz.    <\/p>\n","protected":false},"featured_media":6728,"template":"","meta":{"_acf_changed":false,"_et_pb_use_builder":"","_et_pb_old_content":"","_et_gb_content_width":""},"application":[81],"class_list":["post-11494","product","type-product","status-publish","has-post-thumbnail","hentry","application-cizallas-para-arboles-para-tractores-maquinas-forestales-y-gruas"],"acf":[],"_links":{"self":[{"href":"https:\/\/kx-treeshears.com\/es\/wp-json\/wp\/v2\/product\/11494","targetHints":{"allow":["GET"]}}],"collection":[{"href":"https:\/\/kx-treeshears.com\/es\/wp-json\/wp\/v2\/product"}],"about":[{"href":"https:\/\/kx-treeshears.com\/es\/wp-json\/wp\/v2\/types\/product"}],"wp:featuredmedia":[{"embeddable":true,"href":"https:\/\/kx-treeshears.com\/es\/wp-json\/wp\/v2\/media\/6728"}],"wp:attachment":[{"href":"https:\/\/kx-treeshears.com\/es\/wp-json\/wp\/v2\/media?parent=11494"}],"wp:term":[{"taxonomy":"application","embeddable":true,"href":"https:\/\/kx-treeshears.com\/es\/wp-json\/wp\/v2\/application?post=11494"}],"curies":[{"name":"wp","href":"https:\/\/api.w.org\/{rel}","templated":true}]}}