{"id":11489,"date":"2025-02-27T13:13:44","date_gmt":"2025-02-27T13:13:44","guid":{"rendered":"http:\/\/kx-treeshears.com\/energiakourat\/kxz350-w350\/"},"modified":"2025-07-08T09:24:14","modified_gmt":"2025-07-08T09:24:14","slug":"kxz350-w350","status":"publish","type":"product","link":"https:\/\/kx-treeshears.com\/es\/tree-shears\/kxz350-w350\/","title":{"rendered":"Cizalla para \u00e1rboles KXZ350 + W350"},"excerpt":{"rendered":"<p>La cizalla giratoria para \u00e1rboles KXZ350+W350 es una soluci\u00f3n vers\u00e1til para cortar, apilar y cargar \u00e1rboles en trabajos de desbroce, clareo y diversas tareas de instalaci\u00f3n. Su dise\u00f1o modular, su potencia y su cuchilla r\u00e1pidamente desmontable garantizan facilidad de uso y longevidad. Este modelo de garra est\u00e1 dise\u00f1ado espec\u00edficamente para cargadoras de ruedas, minicargadoras y manipuladoras telesc\u00f3picas de mayor tama\u00f1o, lo que permite un trabajo forestal vers\u00e1til y eficaz.    <\/p>\n","protected":false},"featured_media":7482,"template":"","meta":{"_acf_changed":false,"_et_pb_use_builder":"","_et_pb_old_content":"","_et_gb_content_width":""},"application":[84],"class_list":["post-11489","product","type-product","status-publish","has-post-thumbnail","hentry","application-cizallas-para-arboles-para-minicargadoras"],"acf":[],"_links":{"self":[{"href":"https:\/\/kx-treeshears.com\/es\/wp-json\/wp\/v2\/product\/11489","targetHints":{"allow":["GET"]}}],"collection":[{"href":"https:\/\/kx-treeshears.com\/es\/wp-json\/wp\/v2\/product"}],"about":[{"href":"https:\/\/kx-treeshears.com\/es\/wp-json\/wp\/v2\/types\/product"}],"wp:featuredmedia":[{"embeddable":true,"href":"https:\/\/kx-treeshears.com\/es\/wp-json\/wp\/v2\/media\/7482"}],"wp:attachment":[{"href":"https:\/\/kx-treeshears.com\/es\/wp-json\/wp\/v2\/media?parent=11489"}],"wp:term":[{"taxonomy":"application","embeddable":true,"href":"https:\/\/kx-treeshears.com\/es\/wp-json\/wp\/v2\/application?post=11489"}],"curies":[{"name":"wp","href":"https:\/\/api.w.org\/{rel}","templated":true}]}}