{"id":11472,"date":"2025-02-27T12:35:52","date_gmt":"2025-02-27T12:35:52","guid":{"rendered":"http:\/\/kx-treeshears.com\/energiakourat\/kxz210-wnam210\/"},"modified":"2025-07-08T09:29:15","modified_gmt":"2025-07-08T09:29:15","slug":"kxz210-wnam210","status":"publish","type":"product","link":"https:\/\/kx-treeshears.com\/es\/tree-shears\/kxz210-wnam210\/","title":{"rendered":"Cizalla para \u00e1rboles KXZ210 + WNAM210"},"excerpt":{"rendered":"<p>La cizalla giratoria para \u00e1rboles KXZ210+WNAM210 es una soluci\u00f3n vers\u00e1til para cortar, apilar y cargar \u00e1rboles en tareas de desbroce, clareo e instalaciones diversas. Su dise\u00f1o modular, su potencia y su cuchilla r\u00e1pidamente desmontable garantizan facilidad de uso y longevidad. Este modelo de garra est\u00e1 dise\u00f1ado espec\u00edficamente para las cargadoras compactas Norcar, Avant y Multione S7695, permitiendo un trabajo forestal vers\u00e1til y eficaz.    <\/p>\n","protected":false},"featured_media":7482,"template":"","meta":{"_acf_changed":false,"_et_pb_use_builder":"","_et_pb_old_content":"","_et_gb_content_width":""},"application":[84],"class_list":["post-11472","product","type-product","status-publish","has-post-thumbnail","hentry","application-cizallas-para-arboles-para-minicargadoras"],"acf":[],"_links":{"self":[{"href":"https:\/\/kx-treeshears.com\/es\/wp-json\/wp\/v2\/product\/11472","targetHints":{"allow":["GET"]}}],"collection":[{"href":"https:\/\/kx-treeshears.com\/es\/wp-json\/wp\/v2\/product"}],"about":[{"href":"https:\/\/kx-treeshears.com\/es\/wp-json\/wp\/v2\/types\/product"}],"wp:featuredmedia":[{"embeddable":true,"href":"https:\/\/kx-treeshears.com\/es\/wp-json\/wp\/v2\/media\/7482"}],"wp:attachment":[{"href":"https:\/\/kx-treeshears.com\/es\/wp-json\/wp\/v2\/media?parent=11472"}],"wp:term":[{"taxonomy":"application","embeddable":true,"href":"https:\/\/kx-treeshears.com\/es\/wp-json\/wp\/v2\/application?post=11472"}],"curies":[{"name":"wp","href":"https:\/\/api.w.org\/{rel}","templated":true}]}}