{"id":11414,"date":"2025-02-27T10:06:53","date_gmt":"2025-02-27T10:06:53","guid":{"rendered":"http:\/\/kx-treeshears.com\/energiakourat\/kxz210-e210\/"},"modified":"2025-07-08T08:53:47","modified_gmt":"2025-07-08T08:53:47","slug":"kxz210-e210","status":"publish","type":"product","link":"https:\/\/kx-treeshears.com\/es\/tree-shears\/kxz210-e210\/","title":{"rendered":"Cizalla para \u00e1rboles KXZ210 + E210 con rotador"},"excerpt":{"rendered":"<p>La cizalla giratoria para \u00e1rboles KXZ210+E210 es una soluci\u00f3n vers\u00e1til para cortar, apilar y cargar \u00e1rboles en tareas de desbroce, clareo e instalaciones diversas. Su dise\u00f1o modular, su potencia y su cuchilla r\u00e1pidamente desmontable garantizan facilidad de uso y longevidad. Este modelo de garra est\u00e1 dise\u00f1ado espec\u00edficamente para miniexcavadoras, lo que permite un trabajo forestal vers\u00e1til y eficaz.    <\/p>\n","protected":false},"featured_media":6274,"template":"","meta":{"_acf_changed":false,"_et_pb_use_builder":"","_et_pb_old_content":"","_et_gb_content_width":""},"application":[69],"class_list":["post-11414","product","type-product","status-publish","has-post-thumbnail","hentry","application-cizalla-para-excavadoras"],"acf":[],"_links":{"self":[{"href":"https:\/\/kx-treeshears.com\/es\/wp-json\/wp\/v2\/product\/11414","targetHints":{"allow":["GET"]}}],"collection":[{"href":"https:\/\/kx-treeshears.com\/es\/wp-json\/wp\/v2\/product"}],"about":[{"href":"https:\/\/kx-treeshears.com\/es\/wp-json\/wp\/v2\/types\/product"}],"wp:featuredmedia":[{"embeddable":true,"href":"https:\/\/kx-treeshears.com\/es\/wp-json\/wp\/v2\/media\/6274"}],"wp:attachment":[{"href":"https:\/\/kx-treeshears.com\/es\/wp-json\/wp\/v2\/media?parent=11414"}],"wp:term":[{"taxonomy":"application","embeddable":true,"href":"https:\/\/kx-treeshears.com\/es\/wp-json\/wp\/v2\/application?post=11414"}],"curies":[{"name":"wp","href":"https:\/\/api.w.org\/{rel}","templated":true}]}}