{"id":11403,"date":"2025-02-27T09:37:33","date_gmt":"2025-02-27T09:37:33","guid":{"rendered":"http:\/\/kx-treeshears.com\/energiakourat\/kx350\/"},"modified":"2025-10-24T09:05:41","modified_gmt":"2025-10-24T09:05:41","slug":"kx350","status":"publish","type":"product","link":"https:\/\/kx-treeshears.com\/es\/tree-shears\/kx350\/","title":{"rendered":"Cizalla para \u00e1rboles KX350"},"excerpt":{"rendered":"<p>La cizalla para \u00e1rboles KX350 es una soluci\u00f3n vers\u00e1til para cortar, apilar y cargar \u00e1rboles en trabajos de desbroce, clareo y diversas tareas de instalaci\u00f3n. Su dise\u00f1o modular, su potencia y su cuchilla r\u00e1pidamente desmontable garantizan facilidad de uso y longevidad. Este modelo de garra est\u00e1 dise\u00f1ado espec\u00edficamente para excavadoras, lo que permite un trabajo forestal vers\u00e1til y eficaz.  <\/p>\n","protected":false},"featured_media":10882,"template":"","meta":{"_acf_changed":false,"_et_pb_use_builder":"","_et_pb_old_content":"","_et_gb_content_width":""},"application":[69],"class_list":["post-11403","product","type-product","status-publish","has-post-thumbnail","hentry","application-cizalla-para-excavadoras"],"acf":[],"_links":{"self":[{"href":"https:\/\/kx-treeshears.com\/es\/wp-json\/wp\/v2\/product\/11403","targetHints":{"allow":["GET"]}}],"collection":[{"href":"https:\/\/kx-treeshears.com\/es\/wp-json\/wp\/v2\/product"}],"about":[{"href":"https:\/\/kx-treeshears.com\/es\/wp-json\/wp\/v2\/types\/product"}],"wp:featuredmedia":[{"embeddable":true,"href":"https:\/\/kx-treeshears.com\/es\/wp-json\/wp\/v2\/media\/10882"}],"wp:attachment":[{"href":"https:\/\/kx-treeshears.com\/es\/wp-json\/wp\/v2\/media?parent=11403"}],"wp:term":[{"taxonomy":"application","embeddable":true,"href":"https:\/\/kx-treeshears.com\/es\/wp-json\/wp\/v2\/application?post=11403"}],"curies":[{"name":"wp","href":"https:\/\/api.w.org\/{rel}","templated":true}]}}