{"id":11387,"date":"2025-02-27T09:09:29","date_gmt":"2025-02-27T09:09:29","guid":{"rendered":"http:\/\/kx-treeshears.com\/energiakourat\/kx210\/"},"modified":"2025-10-24T08:29:39","modified_gmt":"2025-10-24T08:29:39","slug":"kx210","status":"publish","type":"product","link":"https:\/\/kx-treeshears.com\/es\/tree-shears\/kx210\/","title":{"rendered":"Cizalla para \u00e1rboles KX210"},"excerpt":{"rendered":"<p>La cizalla para \u00e1rboles KX210 es una soluci\u00f3n vers\u00e1til para cortar, apilar y cargar \u00e1rboles en la limpieza de bosques, el clareo y diversas tareas de instalaci\u00f3n.  <\/p>\n<p>Su dise\u00f1o modular, su potencia y su cuchilla r\u00e1pidamente desmontable garantizan facilidad de uso y longevidad. Este modelo de garra est\u00e1 dise\u00f1ado espec\u00edficamente para miniexcavadoras, lo que permite un trabajo forestal vers\u00e1til y eficaz.   <\/p>\n","protected":false},"featured_media":10969,"template":"","meta":{"_acf_changed":false,"_et_pb_use_builder":"","_et_pb_old_content":"","_et_gb_content_width":""},"application":[69],"class_list":["post-11387","product","type-product","status-publish","has-post-thumbnail","hentry","application-cizalla-para-excavadoras"],"acf":[],"_links":{"self":[{"href":"https:\/\/kx-treeshears.com\/es\/wp-json\/wp\/v2\/product\/11387","targetHints":{"allow":["GET"]}}],"collection":[{"href":"https:\/\/kx-treeshears.com\/es\/wp-json\/wp\/v2\/product"}],"about":[{"href":"https:\/\/kx-treeshears.com\/es\/wp-json\/wp\/v2\/types\/product"}],"wp:featuredmedia":[{"embeddable":true,"href":"https:\/\/kx-treeshears.com\/es\/wp-json\/wp\/v2\/media\/10969"}],"wp:attachment":[{"href":"https:\/\/kx-treeshears.com\/es\/wp-json\/wp\/v2\/media?parent=11387"}],"wp:term":[{"taxonomy":"application","embeddable":true,"href":"https:\/\/kx-treeshears.com\/es\/wp-json\/wp\/v2\/application?post=11387"}],"curies":[{"name":"wp","href":"https:\/\/api.w.org\/{rel}","templated":true}]}}