{"id":4066,"date":"2021-09-15T09:03:37","date_gmt":"2021-09-15T09:03:37","guid":{"rendered":"http:\/\/kx-treeshears.com\/la-historia\/"},"modified":"2021-09-15T09:03:38","modified_gmt":"2021-09-15T09:03:38","slug":"la-historia","status":"publish","type":"page","link":"https:\/\/kx-treeshears.com\/es\/la-historia\/","title":{"rendered":"La historia"},"content":{"rendered":"<p>[et_pb_section fb_built=\u00bb1&#8243; _builder_version=\u00bb4.4.9&#8243; background_image=\u00bbhttp:\/\/kx-treeshears.com\/wp-content\/uploads\/2020\/07\/KX-Hero.jpg\u00bb custom_margin=\u00bb0px||0px||false|false\u00bb custom_padding=\u00bb0px||0px||false|false\u00bb filter_saturate=\u00bb80%\u00bb][et_pb_row use_custom_gutter=\u00bbon\u00bb gutter_width=\u00bb1&#8243; _builder_version=\u00bb4.4.9&#8243; background_color=\u00bbrgba(0,0,0,0.7)\u00bb width=\u00bb100%\u00bb max_width=\u00bb2560px\u00bb custom_margin=\u00bb0px||0px||false|false\u00bb custom_padding=\u00bb0px||0px||false|false\u00bb][et_pb_column type=\u00bb4_4&#8243; _builder_version=\u00bb4.4.9&#8243;][et_pb_divider show_divider=\u00bboff\u00bb _builder_version=\u00bb4.4.9&#8243; custom_margin=\u00bb350px||||false|false\u00bb custom_margin_tablet=\u00bb\u00bb custom_margin_phone=\u00bb150px||||false|false\u00bb custom_margin_last_edited=\u00bbon|phone\u00bb][\/et_pb_divider][et_pb_text _builder_version=\u00bb4.4.9&#8243; header_text_color=\u00bb#ffffff\u00bb header_font_size=\u00bb59px\u00bb header_font_size_tablet=\u00bb\u00bb header_font_size_phone=\u00bb40px\u00bb header_font_size_last_edited=\u00bbon|phone\u00bb]<\/p>\n<h1 style=\"text-align: center;\">La historia de la cizalla KX<\/h1>\n<p>[\/et_pb_text][et_pb_divider divider_weight=\u00bb5px\u00bb _builder_version=\u00bb4.4.9&#8243; width=\u00bb30%\u00bb module_alignment=\u00bbcenter\u00bb custom_margin=\u00bb20px||350px||false|false\u00bb custom_margin_tablet=\u00bb\u00bb custom_margin_phone=\u00bb20px||170px||false|false\u00bb custom_margin_last_edited=\u00bbon|phone\u00bb][\/et_pb_divider][\/et_pb_column][\/et_pb_row][\/et_pb_section][et_pb_section fb_built=\u00bb1&#8243; _builder_version=\u00bb4.4.9&#8243; custom_padding=\u00bb||3px|||\u00bb][et_pb_row _builder_version=\u00bb4.4.9&#8243;][et_pb_column type=\u00bb4_4&#8243; _builder_version=\u00bb4.4.9&#8243;][et_pb_text _builder_version=\u00bb4.4.9&#8243;]<\/p>\n<p>Historia de la cizalla para \u00e1rboles KX -v\u00eddeo<\/p>\n<p>[\/et_pb_text][et_pb_video src=\u00bbhttps:\/\/www.youtube.com\/watch?v=RrClSgkahv4&#8243; _builder_version=\u00bb4.4.9&#8243;][\/et_pb_video][\/et_pb_column][\/et_pb_row][et_pb_row _builder_version=\u00bb4.4.9&#8243;][et_pb_column type=\u00bb4_4&#8243; _builder_version=\u00bb4.4.9&#8243;][et_pb_text _builder_version=\u00bb4.4.9&#8243;]<\/p>\n<p>Kimmo Tossavainen, que en su d\u00eda trabaj\u00f3 en la industria de la maquinaria y el papel, tuvo la idea de desarrollar una cizalla para \u00e1rboles en 2005. El uso de la madera y las ramitas como combustible era interesante, y el uso de la madera como energ\u00eda crea puestos de trabajo, y hace que el dinero circule localmente. Hab\u00eda un deseo de librarse de la dependencia del petr\u00f3leo, y se hab\u00eda debatido sobre el uso de la madera como energ\u00eda renovable.<\/p>\n<p>La primera cizalla para \u00e1rboles de tipo guillotina se lanz\u00f3 a pesar de los retos que tuvimos que superar. El producto era fuerte y pesado, pero proporcionaba una buena base para realizar el trabajo y el desarrollo posterior.<\/p>\n<p>A medida que se utilizaba la cizalla para \u00e1rboles y se adquir\u00eda experiencia con los usuarios, las perspectivas de futuro se hac\u00edan m\u00e1s claras. La primera generaci\u00f3n de cizallas para \u00e1rboles era buena, pero hab\u00eda formas de seguir mejorando la cizalla para \u00e1rboles.<\/p>\n<p>[\/et_pb_text][\/et_pb_column][\/et_pb_row][et_pb_row _builder_version=\u00bb4.4.9&#8243; custom_margin=\u00bb|auto|35px|auto||\u00bb custom_margin_tablet=\u00bb||0px||false|false\u00bb custom_margin_phone=\u00bb\u00bb custom_margin_last_edited=\u00bbon|phone\u00bb][et_pb_column type=\u00bb4_4&#8243; _builder_version=\u00bb4.4.9&#8243;][et_pb_image src=\u00bbhttp:\/\/kx-treeshears.com\/wp-content\/uploads\/2020\/07\/KX-Tarinamme.jpg\u00bb title_text=\u00bbKX Energiakoura\u00bb _builder_version=\u00bb4.4.9&#8243; box_shadow_style=\u00bbpreset1&#8243;][\/et_pb_image][\/et_pb_column][\/et_pb_row][et_pb_row _builder_version=\u00bb4.4.9&#8243; custom_margin=\u00bb0px||||false|false\u00bb custom_padding=\u00bb0px||||false|false\u00bb][et_pb_column type=\u00bb4_4&#8243; _builder_version=\u00bb4.4.9&#8243;][et_pb_text _builder_version=\u00bb4.4.9&#8243; header_2_font_size=\u00bb30px\u00bb]<\/p>\n<h2>Segunda generaci\u00f3n de cizallas para \u00e1rboles<\/h2>\n<p>[\/et_pb_text][et_pb_text _builder_version=\u00bb4.4.9&#8243;]<\/p>\n<p>En 2011, Kimmo lanz\u00f3 una cizalla para \u00e1rboles de segunda generaci\u00f3n, m\u00e1s ligera y eficiente. La cizalla para \u00e1rboles de segunda generaci\u00f3n se convirti\u00f3 en un gran avance gracias a su estructura de dos cilindros.<\/p>\n<p>La cizalla para \u00e1rboles de segunda generaci\u00f3n fue un \u00e9xito, pero Kimmo no se detuvo ah\u00ed. Al utilizar la cizalla para \u00e1rboles y escuchar los comentarios de los clientes, se dio cuenta de que se pod\u00eda mejorar a\u00fan m\u00e1s la facilidad de uso.<\/p>\n<p>[\/et_pb_text][\/et_pb_column][\/et_pb_row][et_pb_row column_structure=\u00bb1_2,1_2&#8243; use_custom_gutter=\u00bbon\u00bb gutter_width=\u00bb2&#8243; _builder_version=\u00bb4.4.9&#8243; custom_margin=\u00bb50px|auto||auto||\u00bb custom_margin_tablet=\u00bb\u00bb custom_margin_phone=\u00bb0px||||false|false\u00bb custom_margin_last_edited=\u00bbon|phone\u00bb custom_padding=\u00bb0px||||false|false\u00bb][et_pb_column type=\u00bb1_2&#8243; _builder_version=\u00bb4.4.9&#8243;][et_pb_text _builder_version=\u00bb4.4.9&#8243; text_text_color=\u00bb#0e0e10&#8243; module_alignment=\u00bbcenter\u00bb custom_margin=\u00bb30%|||0px|false|false\u00bb custom_margin_tablet=\u00bb31%|||0px|false|false\u00bb custom_margin_phone=\u00bb0%||||false|false\u00bb custom_margin_last_edited=\u00bbon|phone\u00bb custom_margin__hover_enabled=\u00bboff|desktop\u00bb]<\/p>\n<blockquote>\n<p style=\"text-align: left;\">\u00abAdem\u00e1s de usar una garra de energ\u00eda, estoy constantemente investigando temas relacionados con la mec\u00e1nica, la electricidad y la hidr\u00e1ulica. La industria de la maquinaria es un entorno desafiante pero significativo. Conozco bien la industria y sus desaf\u00edos, y resolverlos est\u00e1 cerca de mi coraz\u00f3n. \u00bb &#8211; Kimmo<\/p>\n<\/blockquote>\n<p>[\/et_pb_text][\/et_pb_column][et_pb_column type=\u00bb1_2&#8243; _builder_version=\u00bb4.4.9&#8243;][et_pb_image src=\u00bbhttp:\/\/kx-treeshears.com\/wp-content\/uploads\/2020\/07\/IMG-20190927-WA0005-e1593772607376-860&#215;1024.jpg\u00bb alt=\u00bbSegunda generaci\u00f3n de cizallas para \u00e1rboles\u00bb align=\u00bbcenter\u00bb _builder_version=\u00bb4.4.9&#8243; width=\u00bb80%\u00bb box_shadow_style=\u00bbpreset1&#8243;][\/et_pb_image][et_pb_text _builder_version=\u00bb4.4.9&#8243; custom_margin=\u00bb-8px||||false|false\u00bb custom_padding=\u00bb2px|||60px|false|false\u00bb]<\/p>\n<p>Segunda generaci\u00f3n de cizallas para \u00e1rboles<\/p>\n<p>[\/et_pb_text][\/et_pb_column][\/et_pb_row][\/et_pb_section][et_pb_section fb_built=\u00bb1&#8243; _builder_version=\u00bb4.4.9&#8243; custom_padding=\u00bb0px|||||\u00bb][et_pb_row custom_padding_last_edited=\u00bbon|phone\u00bb _builder_version=\u00bb4.4.9&#8243; custom_padding=\u00bb40px|||||\u00bb custom_padding_tablet=\u00bb\u00bb custom_padding_phone=\u00bb0px||||false|false\u00bb][et_pb_column type=\u00bb4_4&#8243; _builder_version=\u00bb4.4.9&#8243;][et_pb_text _builder_version=\u00bb4.4.9&#8243; header_2_font_size=\u00bb30px\u00bb]<\/p>\n<h2>Una visi\u00f3n de la estructura modular<\/h2>\n<p>[\/et_pb_text][et_pb_text _builder_version=\u00bb4.4.9&#8243;]<\/p>\n<p>En 2017, Kimmo tuvo una idea para una estructura modular y un nuevo tipo de cizalla para \u00e1rboles que fuera m\u00e1s ligera, m\u00e1s f\u00e1cil de usar y m\u00e1s duradera. La idea era crear una cizalla para \u00e1rboles a\u00fan m\u00e1s eficiente en su uso, disminuyendo tambi\u00e9n el da\u00f1o a los \u00e1rboles que se pretende dejar en su lugar.<\/p>\n<p>[\/et_pb_text][\/et_pb_column][\/et_pb_row][et_pb_row _builder_version=\u00bb4.4.9&#8243; box_shadow_style=\u00bbpreset3&#8243;][et_pb_column type=\u00bb4_4&#8243; _builder_version=\u00bb4.4.9&#8243;][et_pb_image src=\u00bbhttp:\/\/kx-treeshears.com\/wp-content\/uploads\/2020\/06\/KX-280-rajaytyskuva.png\u00bb title_text=\u00bbKX-280R\u00e4j\u00e4ytyskuva\u00bb align=\u00bbcenter\u00bb _builder_version=\u00bb4.4.9&#8243; width=\u00bb50%\u00bb custom_margin=\u00bb||0px|||\u00bb][\/et_pb_image][et_pb_text _builder_version=\u00bb4.4.9&#8243;]<\/p>\n<p style=\"text-align: center;\">Estructura modular de la cizalla para \u00e1rboles KX-280<\/p>\n<p>[\/et_pb_text][\/et_pb_column][\/et_pb_row][et_pb_row _builder_version=\u00bb4.4.9&#8243; custom_padding=\u00bb40px|||||\u00bb][et_pb_column type=\u00bb4_4&#8243; _builder_version=\u00bb4.4.9&#8243;][et_pb_text _builder_version=\u00bb4.4.9&#8243; header_2_font_size=\u00bb30px\u00bb custom_margin=\u00bb32px|||||\u00bb custom_margin_tablet=\u00bb\u00bb custom_margin_phone=\u00bb0px||15px||false|false\u00bb custom_margin_last_edited=\u00bbon|phone\u00bb]<\/p>\n<h2>Cizalla energ\u00e9tica de tercera generaci\u00f3n<\/h2>\n<p>[\/et_pb_text][et_pb_text _builder_version=\u00bb4.4.9&#8243;]<\/p>\n<p>La estructura modular demostr\u00f3 ser una muy buena soluci\u00f3n. El resultado final fue una cizalla para \u00e1rboles ligera que es muy f\u00e1cil de usar, es vers\u00e1til y m\u00e1s eficiente. Adem\u00e1s de la tala de \u00e1rboles, la cizalla para \u00e1rboles puede utilizarse para la carga y las instalaciones.<\/p>\n<p>La cizalla para \u00e1rboles KX est\u00e1 disponible con accesorios que aportan valor a\u00f1adido y versatilidad.<\/p>\n<p>[\/et_pb_text][et_pb_text _builder_version=\u00bb4.4.9&#8243; custom_margin=\u00bb0px||||false|false\u00bb]<\/p>\n<p>La cizalla para \u00e1rboles KX ha sido desarrollada para la producci\u00f3n en serie con el fin de ofrecer un producto de calidad manteniendo un precio bajo, &#8211; dice Kimmo.<\/p>\n<p>[\/et_pb_text][\/et_pb_column][\/et_pb_row][et_pb_row custom_padding_last_edited=\u00bbon|phone\u00bb _builder_version=\u00bb4.4.9&#8243; custom_padding=\u00bb40px|||||\u00bb custom_padding_tablet=\u00bb\u00bb custom_padding_phone=\u00bb10px||||false|false\u00bb][et_pb_column type=\u00bb4_4&#8243; _builder_version=\u00bb4.4.9&#8243;][et_pb_image src=\u00bbhttp:\/\/kx-treeshears.com\/wp-content\/uploads\/2020\/07\/IMG-20200429-WA0022-1024&#215;576.jpg\u00bb title_text=\u00bbEnsimm\u00e4inen KX Energiakoura\u00bb align=\u00bbcenter\u00bb force_fullwidth=\u00bbon\u00bb _builder_version=\u00bb4.4.9&#8243; custom_margin=\u00bb||2px|||\u00bb box_shadow_style=\u00bbpreset1&#8243;][\/et_pb_image][et_pb_text _builder_version=\u00bb4.4.9&#8243; custom_padding=\u00bb5px|||||\u00bb]<\/p>\n<p>El dise\u00f1ador de cizallas Kimmo Tossavainen y la primera cizalla KX-280<\/p>\n<p>[\/et_pb_text][\/et_pb_column][\/et_pb_row][et_pb_row _builder_version=\u00bb4.4.9&#8243;][et_pb_column type=\u00bb4_4&#8243; _builder_version=\u00bb4.4.9&#8243;][et_pb_text _builder_version=\u00bb4.4.9&#8243;]<\/p>\n<p>La producci\u00f3n en serie de las cizallas KX-210, KX-280 y KX-350 ha comenzado.<\/p>\n<p>Si est\u00e1 interesado en una nueva y rentable cizalla para \u00e1rboles KX-280, p\u00f3ngase en contacto con nosotros llamando al <strong>+358 409 662 067<\/strong> (Kimmo) o p\u00f3ngase en contacto con nosotros a trav\u00e9s del siguiente formulario.<\/p>\n<p>[\/et_pb_text][et_pb_image src=\u00bbhttp:\/\/kx-treeshears.com\/wp-content\/uploads\/2020\/06\/KX-280-thumbnail.png\u00bb title_text=\u00bbKX-280-thumbnail\u00bb align=\u00bbcenter\u00bb _builder_version=\u00bb4.9.2&#8243; width=\u00bb50%\u00bb width_tablet=\u00bb\u00bb width_phone=\u00bb100%\u00bb width_last_edited=\u00bbon|phone\u00bb custom_margin=\u00bb30px||0px||false|false\u00bb hover_enabled=\u00bb0&#8243; alt=\u00bbKX-280&#8243; sticky_enabled=\u00bb0&#8243;][\/et_pb_image][\/et_pb_column][\/et_pb_row][\/et_pb_section]<\/p>\n","protected":false},"excerpt":{"rendered":"<p>La historia de la cizalla KXHistoria de la cizalla para \u00e1rboles KX -v\u00eddeoKimmo Tossavainen, que en su d\u00eda trabaj\u00f3 en la industria de la maquinaria y el papel, tuvo la idea de desarrollar una cizalla para \u00e1rboles en 2005. El uso de la madera y las ramitas como combustible era interesante, y el uso de la madera como energ\u00eda crea puestos de trabajo, y hace que el dinero circule localmente. Hab\u00eda un deseo de librarse de la dependencia del petr\u00f3leo, y se hab\u00eda debatido sobre el uso de la madera como energ\u00eda renovable. La primera cizalla para \u00e1rboles de tipo guillotina se lanz\u00f3 a pesar de los retos que tuvimos que superar. El producto era fuerte y pesado, pero proporcionaba una buena base para realizar el trabajo y el desarrollo posterior. A medida que se utilizaba la cizalla para \u00e1rboles y se adquir\u00eda experiencia con los usuarios, las perspectivas de futuro se hac\u00edan m\u00e1s claras. La primera generaci\u00f3n de cizallas para \u00e1rboles era buena, pero hab\u00eda formas de seguir mejorando la cizalla para \u00e1rboles.Segunda generaci\u00f3n de cizallas para \u00e1rbolesEn 2011, Kimmo lanz\u00f3 una cizalla para \u00e1rboles de segunda generaci\u00f3n, m\u00e1s ligera y eficiente. La cizalla para \u00e1rboles de segunda generaci\u00f3n [&hellip;]<\/p>\n","protected":false},"author":2,"featured_media":0,"parent":0,"menu_order":0,"comment_status":"closed","ping_status":"closed","template":"","meta":{"_acf_changed":false,"_et_pb_use_builder":"on","_et_pb_old_content":"","_et_gb_content_width":"","footnotes":""},"class_list":["post-4066","page","type-page","status-publish","hentry"],"acf":[],"_links":{"self":[{"href":"https:\/\/kx-treeshears.com\/es\/wp-json\/wp\/v2\/pages\/4066","targetHints":{"allow":["GET"]}}],"collection":[{"href":"https:\/\/kx-treeshears.com\/es\/wp-json\/wp\/v2\/pages"}],"about":[{"href":"https:\/\/kx-treeshears.com\/es\/wp-json\/wp\/v2\/types\/page"}],"author":[{"embeddable":true,"href":"https:\/\/kx-treeshears.com\/es\/wp-json\/wp\/v2\/users\/2"}],"replies":[{"embeddable":true,"href":"https:\/\/kx-treeshears.com\/es\/wp-json\/wp\/v2\/comments?post=4066"}],"version-history":[{"count":2,"href":"https:\/\/kx-treeshears.com\/es\/wp-json\/wp\/v2\/pages\/4066\/revisions"}],"predecessor-version":[{"id":4068,"href":"https:\/\/kx-treeshears.com\/es\/wp-json\/wp\/v2\/pages\/4066\/revisions\/4068"}],"wp:attachment":[{"href":"https:\/\/kx-treeshears.com\/es\/wp-json\/wp\/v2\/media?parent=4066"}],"curies":[{"name":"wp","href":"https:\/\/api.w.org\/{rel}","templated":true}]}}