{"id":11499,"date":"2025-02-27T17:03:24","date_gmt":"2025-02-27T17:03:24","guid":{"rendered":"http:\/\/kx-treeshears.com\/energiakourat\/kxk280\/"},"modified":"2025-07-08T08:37:04","modified_gmt":"2025-07-08T08:37:04","slug":"kxk280","status":"publish","type":"product","link":"https:\/\/kx-treeshears.com\/de\/tree-shears\/kxk280\/","title":{"rendered":"KXK280 Baumschere"},"excerpt":{"rendered":"<p>Die kippbare Baumschere KXK280 ist eine vielseitige L\u00f6sung zum Schneiden, Stapeln und Laden von B\u00e4umen bei der Waldrodung, Durchforstung und verschiedenen Installationsarbeiten. Das modulare Design, die Leistung und die schnell abnehmbare Klinge sorgen f\u00fcr Benutzerfreundlichkeit und Langlebigkeit. Dieses Greifermodell wurde speziell f\u00fcr Traktoren, Forstmaschinen und Materialumschlagskr\u00e4ne entwickelt und erm\u00f6glicht vielseitige und effiziente Forstarbeiten.    <\/p>\n","protected":false},"featured_media":6793,"template":"","meta":{"_acf_changed":false,"_et_pb_use_builder":"","_et_pb_old_content":"","_et_gb_content_width":""},"application":[82],"class_list":["post-11499","product","type-product","status-publish","has-post-thumbnail","hentry","application-baumscheren-fur-traktoren-forstmaschinen-und-krane"],"acf":[],"_links":{"self":[{"href":"https:\/\/kx-treeshears.com\/de\/wp-json\/wp\/v2\/product\/11499","targetHints":{"allow":["GET"]}}],"collection":[{"href":"https:\/\/kx-treeshears.com\/de\/wp-json\/wp\/v2\/product"}],"about":[{"href":"https:\/\/kx-treeshears.com\/de\/wp-json\/wp\/v2\/types\/product"}],"wp:featuredmedia":[{"embeddable":true,"href":"https:\/\/kx-treeshears.com\/de\/wp-json\/wp\/v2\/media\/6793"}],"wp:attachment":[{"href":"https:\/\/kx-treeshears.com\/de\/wp-json\/wp\/v2\/media?parent=11499"}],"wp:term":[{"taxonomy":"application","embeddable":true,"href":"https:\/\/kx-treeshears.com\/de\/wp-json\/wp\/v2\/application?post=11499"}],"curies":[{"name":"wp","href":"https:\/\/api.w.org\/{rel}","templated":true}]}}