{"id":11488,"date":"2025-02-27T13:12:48","date_gmt":"2025-02-27T13:12:48","guid":{"rendered":"http:\/\/kx-treeshears.com\/energiakourat\/kxz350-w350\/"},"modified":"2025-07-08T09:24:15","modified_gmt":"2025-07-08T09:24:15","slug":"kxz350-w350","status":"publish","type":"product","link":"https:\/\/kx-treeshears.com\/de\/tree-shears\/kxz350-w350\/","title":{"rendered":"KXZ350 + W350 Baumschere"},"excerpt":{"rendered":"<p>Die rotierende Baumschere KXZ350+W350 ist eine vielseitige L\u00f6sung zum Schneiden, Stapeln und Laden von B\u00e4umen bei der Waldrodung, Durchforstung und verschiedenen Installationsarbeiten. Das modulare Design, die Leistung und die schnell abnehmbare Klinge sorgen f\u00fcr Benutzerfreundlichkeit und Langlebigkeit. Dieses Greifer-Modell wurde speziell f\u00fcr gr\u00f6\u00dfere Radlader, Kompaktlader und Teleskoplader entwickelt und erm\u00f6glicht vielseitige und effiziente Forstarbeiten.    <\/p>\n","protected":false},"featured_media":7481,"template":"","meta":{"_acf_changed":false,"_et_pb_use_builder":"","_et_pb_old_content":"","_et_gb_content_width":""},"application":[85],"class_list":["post-11488","product","type-product","status-publish","has-post-thumbnail","hentry","application-baumschere-fuer-radlader-kompaktlader-und-teleskoplader"],"acf":[],"_links":{"self":[{"href":"https:\/\/kx-treeshears.com\/de\/wp-json\/wp\/v2\/product\/11488","targetHints":{"allow":["GET"]}}],"collection":[{"href":"https:\/\/kx-treeshears.com\/de\/wp-json\/wp\/v2\/product"}],"about":[{"href":"https:\/\/kx-treeshears.com\/de\/wp-json\/wp\/v2\/types\/product"}],"wp:featuredmedia":[{"embeddable":true,"href":"https:\/\/kx-treeshears.com\/de\/wp-json\/wp\/v2\/media\/7481"}],"wp:attachment":[{"href":"https:\/\/kx-treeshears.com\/de\/wp-json\/wp\/v2\/media?parent=11488"}],"wp:term":[{"taxonomy":"application","embeddable":true,"href":"https:\/\/kx-treeshears.com\/de\/wp-json\/wp\/v2\/application?post=11488"}],"curies":[{"name":"wp","href":"https:\/\/api.w.org\/{rel}","templated":true}]}}