{"id":11471,"date":"2025-02-27T12:34:46","date_gmt":"2025-02-27T12:34:46","guid":{"rendered":"http:\/\/kx-treeshears.com\/energiakourat\/kxz210-wnam210\/"},"modified":"2025-07-08T09:24:09","modified_gmt":"2025-07-08T09:24:09","slug":"kxz210-wnam210","status":"publish","type":"product","link":"https:\/\/kx-treeshears.com\/de\/tree-shears\/kxz210-wnam210\/","title":{"rendered":"KXZ210 + WNAM210 Baumschere"},"excerpt":{"rendered":"<p>Die rotierende Baumschere KXZ210+WNAM210 ist eine vielseitige L\u00f6sung zum Schneiden, Stapeln und Laden von B\u00e4umen bei der Waldrodung, Durchforstung und verschiedenen Installationsaufgaben. Das modulare Design, die Leistung und die schnell abnehmbare Klinge sorgen f\u00fcr einfache Handhabung und Langlebigkeit. Dieses Greifer-Modell wurde speziell f\u00fcr die Kompaktlader Norcar, Avant und Multione S7695 entwickelt und erm\u00f6glicht vielseitige und effiziente Forstarbeiten.    <\/p>\n","protected":false},"featured_media":7481,"template":"","meta":{"_acf_changed":false,"_et_pb_use_builder":"","_et_pb_old_content":"","_et_gb_content_width":""},"application":[85],"class_list":["post-11471","product","type-product","status-publish","has-post-thumbnail","hentry","application-baumschere-fuer-radlader-kompaktlader-und-teleskoplader"],"acf":[],"_links":{"self":[{"href":"https:\/\/kx-treeshears.com\/de\/wp-json\/wp\/v2\/product\/11471","targetHints":{"allow":["GET"]}}],"collection":[{"href":"https:\/\/kx-treeshears.com\/de\/wp-json\/wp\/v2\/product"}],"about":[{"href":"https:\/\/kx-treeshears.com\/de\/wp-json\/wp\/v2\/types\/product"}],"wp:featuredmedia":[{"embeddable":true,"href":"https:\/\/kx-treeshears.com\/de\/wp-json\/wp\/v2\/media\/7481"}],"wp:attachment":[{"href":"https:\/\/kx-treeshears.com\/de\/wp-json\/wp\/v2\/media?parent=11471"}],"wp:term":[{"taxonomy":"application","embeddable":true,"href":"https:\/\/kx-treeshears.com\/de\/wp-json\/wp\/v2\/application?post=11471"}],"curies":[{"name":"wp","href":"https:\/\/api.w.org\/{rel}","templated":true}]}}