{"id":11430,"date":"2025-02-27T11:41:08","date_gmt":"2025-02-27T11:41:08","guid":{"rendered":"http:\/\/kx-treeshears.com\/energiakourat\/kxs38\/"},"modified":"2026-02-02T11:30:45","modified_gmt":"2026-02-02T11:30:45","slug":"kxs38","status":"publish","type":"product","link":"https:\/\/kx-treeshears.com\/de\/tree-shears\/kxs38\/","title":{"rendered":"KXS38 Mehrzweckgreifer"},"excerpt":{"rendered":"<p>Der KXS38 ist ein neuartiger, leistungsstarker, vielseitiger und zuverl\u00e4ssiger Universalgreifer. Das Ergebnis langer Erfahrung und kontinuierlicher Entwicklung ist ein einfach zu bedienender, effizienter und leichter Greifer, der f\u00fcr verschiedene Zwecke eingesetzt werden kann. Der vielseitige Universalgreifer KXS38 ist f\u00fcr Bagger, Radlader, Ladekr\u00e4ne und Holzlader geeignet.  <\/p>\n","protected":false},"featured_media":8158,"template":"","meta":{"_acf_changed":false,"_et_pb_use_builder":"","_et_pb_old_content":"","_et_gb_content_width":""},"application":[88,89,90],"class_list":["post-11430","product","type-product","status-publish","has-post-thumbnail","hentry","application-baumstamm-greifer","application-greifer-fur-bagger","application-holzgreifer-fuer-traktor-forstmaschine-und-schuettgutkran"],"acf":[],"_links":{"self":[{"href":"https:\/\/kx-treeshears.com\/de\/wp-json\/wp\/v2\/product\/11430","targetHints":{"allow":["GET"]}}],"collection":[{"href":"https:\/\/kx-treeshears.com\/de\/wp-json\/wp\/v2\/product"}],"about":[{"href":"https:\/\/kx-treeshears.com\/de\/wp-json\/wp\/v2\/types\/product"}],"wp:featuredmedia":[{"embeddable":true,"href":"https:\/\/kx-treeshears.com\/de\/wp-json\/wp\/v2\/media\/8158"}],"wp:attachment":[{"href":"https:\/\/kx-treeshears.com\/de\/wp-json\/wp\/v2\/media?parent=11430"}],"wp:term":[{"taxonomy":"application","embeddable":true,"href":"https:\/\/kx-treeshears.com\/de\/wp-json\/wp\/v2\/application?post=11430"}],"curies":[{"name":"wp","href":"https:\/\/api.w.org\/{rel}","templated":true}]}}