{"id":11424,"date":"2025-02-27T10:33:00","date_gmt":"2025-02-27T10:33:00","guid":{"rendered":"http:\/\/kx-treeshears.com\/energiakourat\/kxz350-e350\/"},"modified":"2025-07-08T08:42:37","modified_gmt":"2025-07-08T08:42:37","slug":"kxz350-e350","status":"publish","type":"product","link":"https:\/\/kx-treeshears.com\/de\/tree-shears\/kxz350-e350\/","title":{"rendered":"KXZ350 + E350 Baumschere mit Rotator"},"excerpt":{"rendered":"<p>Die rotierende Baumschere KXZ350+E350 ist eine vielseitige L\u00f6sung zum Schneiden, Stapeln und Laden von B\u00e4umen bei der Waldrodung, Durchforstung und verschiedenen Installationsarbeiten. Das modulare Design, die Leistung und die schnell abnehmbare Klinge sorgen f\u00fcr Benutzerfreundlichkeit und Langlebigkeit. Dieses Greifermodell ist speziell f\u00fcr Bagger konzipiert und erm\u00f6glicht vielseitige und effiziente Forstarbeiten.    <\/p>\n","protected":false},"featured_media":6327,"template":"","meta":{"_acf_changed":false,"_et_pb_use_builder":"","_et_pb_old_content":"","_et_gb_content_width":""},"application":[68],"class_list":["post-11424","product","type-product","status-publish","has-post-thumbnail","hentry","application-energieholzgreifer-fuer-bagger"],"acf":[],"_links":{"self":[{"href":"https:\/\/kx-treeshears.com\/de\/wp-json\/wp\/v2\/product\/11424","targetHints":{"allow":["GET"]}}],"collection":[{"href":"https:\/\/kx-treeshears.com\/de\/wp-json\/wp\/v2\/product"}],"about":[{"href":"https:\/\/kx-treeshears.com\/de\/wp-json\/wp\/v2\/types\/product"}],"wp:featuredmedia":[{"embeddable":true,"href":"https:\/\/kx-treeshears.com\/de\/wp-json\/wp\/v2\/media\/6327"}],"wp:attachment":[{"href":"https:\/\/kx-treeshears.com\/de\/wp-json\/wp\/v2\/media?parent=11424"}],"wp:term":[{"taxonomy":"application","embeddable":true,"href":"https:\/\/kx-treeshears.com\/de\/wp-json\/wp\/v2\/application?post=11424"}],"curies":[{"name":"wp","href":"https:\/\/api.w.org\/{rel}","templated":true}]}}