{"id":11419,"date":"2025-02-27T10:24:57","date_gmt":"2025-02-27T10:24:57","guid":{"rendered":"http:\/\/kx-treeshears.com\/energiakourat\/kxz280-e280\/"},"modified":"2025-07-08T08:42:37","modified_gmt":"2025-07-08T08:42:37","slug":"kxz280-e280","status":"publish","type":"product","link":"https:\/\/kx-treeshears.com\/de\/tree-shears\/kxz280-e280\/","title":{"rendered":"KXZ280 + E280 Baumschere mit Rotator"},"excerpt":{"rendered":"<p>Die rotierende Baumschere KXZ280+E280 ist eine vielseitige L\u00f6sung f\u00fcr das Schneiden, Stapeln und Laden von B\u00e4umen bei der Waldrodung, Durchforstung und verschiedenen Installationsarbeiten. Das modulare Design, die Leistung und die schnell abnehmbare Klinge sorgen f\u00fcr Benutzerfreundlichkeit und Langlebigkeit. Dieses Greifermodell ist speziell f\u00fcr Bagger konzipiert und erm\u00f6glicht vielseitige und effiziente Forstarbeiten.    <\/p>\n","protected":false},"featured_media":6211,"template":"","meta":{"_acf_changed":false,"_et_pb_use_builder":"","_et_pb_old_content":"","_et_gb_content_width":""},"application":[68],"class_list":["post-11419","product","type-product","status-publish","has-post-thumbnail","hentry","application-energieholzgreifer-fuer-bagger"],"acf":[],"_links":{"self":[{"href":"https:\/\/kx-treeshears.com\/de\/wp-json\/wp\/v2\/product\/11419","targetHints":{"allow":["GET"]}}],"collection":[{"href":"https:\/\/kx-treeshears.com\/de\/wp-json\/wp\/v2\/product"}],"about":[{"href":"https:\/\/kx-treeshears.com\/de\/wp-json\/wp\/v2\/types\/product"}],"wp:featuredmedia":[{"embeddable":true,"href":"https:\/\/kx-treeshears.com\/de\/wp-json\/wp\/v2\/media\/6211"}],"wp:attachment":[{"href":"https:\/\/kx-treeshears.com\/de\/wp-json\/wp\/v2\/media?parent=11419"}],"wp:term":[{"taxonomy":"application","embeddable":true,"href":"https:\/\/kx-treeshears.com\/de\/wp-json\/wp\/v2\/application?post=11419"}],"curies":[{"name":"wp","href":"https:\/\/api.w.org\/{rel}","templated":true}]}}