{"id":11411,"date":"2025-02-27T09:53:34","date_gmt":"2025-02-27T09:53:34","guid":{"rendered":"http:\/\/kx-treeshears.com\/energiakourat\/kxz210-e210\/"},"modified":"2025-07-08T08:53:48","modified_gmt":"2025-07-08T08:53:48","slug":"kxz210-e210","status":"publish","type":"product","link":"https:\/\/kx-treeshears.com\/de\/tree-shears\/kxz210-e210\/","title":{"rendered":"KXZ210 + E210 Baumschere mit Rotator"},"excerpt":{"rendered":"<p>Die rotierende Baumschere KXZ210+E210 ist eine vielseitige L\u00f6sung f\u00fcr das Schneiden, Stapeln und Laden von B\u00e4umen bei der Waldrodung, Durchforstung und verschiedenen Installationsarbeiten. Das modulare Design, die Leistung und die schnell abnehmbare Klinge sorgen f\u00fcr einfache Handhabung und Langlebigkeit. Dieses Greifermodell wurde speziell f\u00fcr Minibagger entwickelt und erm\u00f6glicht vielseitige und effiziente Forstarbeiten.    <\/p>\n","protected":false},"featured_media":6273,"template":"","meta":{"_acf_changed":false,"_et_pb_use_builder":"","_et_pb_old_content":"","_et_gb_content_width":""},"application":[68],"class_list":["post-11411","product","type-product","status-publish","has-post-thumbnail","hentry","application-energieholzgreifer-fuer-bagger"],"acf":[],"_links":{"self":[{"href":"https:\/\/kx-treeshears.com\/de\/wp-json\/wp\/v2\/product\/11411","targetHints":{"allow":["GET"]}}],"collection":[{"href":"https:\/\/kx-treeshears.com\/de\/wp-json\/wp\/v2\/product"}],"about":[{"href":"https:\/\/kx-treeshears.com\/de\/wp-json\/wp\/v2\/types\/product"}],"wp:featuredmedia":[{"embeddable":true,"href":"https:\/\/kx-treeshears.com\/de\/wp-json\/wp\/v2\/media\/6273"}],"wp:attachment":[{"href":"https:\/\/kx-treeshears.com\/de\/wp-json\/wp\/v2\/media?parent=11411"}],"wp:term":[{"taxonomy":"application","embeddable":true,"href":"https:\/\/kx-treeshears.com\/de\/wp-json\/wp\/v2\/application?post=11411"}],"curies":[{"name":"wp","href":"https:\/\/api.w.org\/{rel}","templated":true}]}}