{"id":11377,"date":"2025-02-27T08:54:23","date_gmt":"2025-02-27T08:54:23","guid":{"rendered":"http:\/\/kx-treeshears.com\/energiakourat\/kx210\/"},"modified":"2025-10-24T08:28:58","modified_gmt":"2025-10-24T08:28:58","slug":"kx210","status":"publish","type":"product","link":"https:\/\/kx-treeshears.com\/de\/tree-shears\/kx210\/","title":{"rendered":"KX210 Baumschere"},"excerpt":{"rendered":"<p>Die Baumschere KX210 ist eine vielseitige L\u00f6sung zum Schneiden, Stapeln und Verladen von B\u00e4umen bei der Waldrodung, Durchforstung und verschiedenen Montagearbeiten.  <\/p>\n<p>Das modulare Design, die Leistung und die schnell abnehmbare Schaufel sorgen f\u00fcr Benutzerfreundlichkeit und Langlebigkeit. Dieses Greifermodell wurde speziell f\u00fcr Minibagger entwickelt und erm\u00f6glicht vielseitige und effiziente Forstarbeiten.   <\/p>\n","protected":false},"featured_media":3257,"template":"","meta":{"_acf_changed":false,"_et_pb_use_builder":"","_et_pb_old_content":"","_et_gb_content_width":""},"application":[68],"class_list":["post-11377","product","type-product","status-publish","has-post-thumbnail","hentry","application-energieholzgreifer-fuer-bagger"],"acf":[],"_links":{"self":[{"href":"https:\/\/kx-treeshears.com\/de\/wp-json\/wp\/v2\/product\/11377","targetHints":{"allow":["GET"]}}],"collection":[{"href":"https:\/\/kx-treeshears.com\/de\/wp-json\/wp\/v2\/product"}],"about":[{"href":"https:\/\/kx-treeshears.com\/de\/wp-json\/wp\/v2\/types\/product"}],"wp:featuredmedia":[{"embeddable":true,"href":"https:\/\/kx-treeshears.com\/de\/wp-json\/wp\/v2\/media\/3257"}],"wp:attachment":[{"href":"https:\/\/kx-treeshears.com\/de\/wp-json\/wp\/v2\/media?parent=11377"}],"wp:term":[{"taxonomy":"application","embeddable":true,"href":"https:\/\/kx-treeshears.com\/de\/wp-json\/wp\/v2\/application?post=11377"}],"curies":[{"name":"wp","href":"https:\/\/api.w.org\/{rel}","templated":true}]}}